{"id":32,"date":"2014-12-13T00:14:26","date_gmt":"2014-12-13T00:14:26","guid":{"rendered":"http:\/\/evopyme.com\/pymes\/?page_id=32"},"modified":"2015-03-05T12:25:31","modified_gmt":"2015-03-05T18:25:31","slug":"evofac","status":"publish","type":"page","link":"https:\/\/evopyme.com\/pymes\/herramientas\/evofac\/","title":{"rendered":"EvoFac"},"content":{"rendered":"<p><img loading=\"lazy\" decoding=\"async\" width=\"800\" height=\"334\" class=\"alignnone size-full wp-image-101\" src=\"http:\/\/evopyme.com\/pymes\/wp-content\/uploads\/2015\/01\/evofac.png\" alt=\"EvoFac - Controla su facturaci\u00f3n\" srcset=\"https:\/\/evopyme.com\/pymes\/wp-content\/uploads\/2015\/01\/evofac.png 800w, https:\/\/evopyme.com\/pymes\/wp-content\/uploads\/2015\/01\/evofac-300x125.png 300w\" sizes=\"auto, (max-width: 800px) 100vw, 800px\" \/><\/p>\n<p>EvoFac es un sistema de facturaci\u00f3n en la nube, que permite a las micro y peque\u00f1as empresas, verse muy profesionales y llevar un control total sobre sus clientes y su facturaci\u00f3n.<\/p>\n<p>EvoFac se presenta en tres\u00a0versiones:<\/p>\n<div class=\"su-list\" style=\"margin-left:0px\">\n<ul>\n<li><i class=\"sui sui-check\" style=\"color:#FFCE00\"><\/i> Gratuita, auspiciada por anunciantes, sin impresi\u00f3n de facturas.<\/li>\n<li><i class=\"sui sui-check\" style=\"color:#FFCE00\"><\/i> Compartida, auspiciada por anunciantes, impresi\u00f3n de facturas\u00a0\u00a0y a un precio simb\u00f3lico de US$ 5.00 mensuales(*).<\/li>\n<li><i class=\"sui sui-check\" style=\"color:#FFCE00\"><\/i> Propia, sin anuncios, impresi\u00f3n de facturas y puede ser instalada en cualquier servidor o en los nuestros.<\/li>\n<\/ul>\n<\/div>\n<p>Si desea m\u00e1s informaci\u00f3n, solicite nuestro panfleto.<\/p>\n<p>Si desea probar la aplicaci\u00f3n, solicite nuestro demo en l\u00ednea.<\/p>\n<div class=\"su-divider su-divider-style-default\" style=\"margin:15px 0;border-width:3px;border-color:#999999\"><\/div><div class=\"su-note\"  style=\"border-color:#e5e54c;border-radius:3px;-moz-border-radius:3px;-webkit-border-radius:3px;\"><div class=\"su-note-inner su-u-clearfix su-u-trim\" style=\"background-color:#FFFF66;border-color:#ffffff;color:#333333;border-radius:3px;-moz-border-radius:3px;-webkit-border-radius:3px;\">(*) \u00a0La impresi\u00f3n de facturas requiere crear y adecuar la plantilla de impresi\u00f3n a la factura del cliente. \u00a0Este proceso tiene un precio\u00a0adicional \u00fanico (se paga solamente una vez) de US$ 25.00.<\/div><\/div>\n","protected":false},"excerpt":{"rendered":"<p>EvoFac es un sistema de facturaci\u00f3n en la nube, que permite a las micro y peque\u00f1as empresas, verse muy profesionales y llevar un control total sobre sus clientes y su facturaci\u00f3n. EvoFac se presenta en tres\u00a0versiones: Si desea m\u00e1s informaci\u00f3n, solicite nuestro panfleto. Si desea probar la aplicaci\u00f3n, solicite nuestro demo en l\u00ednea.<\/p>\n","protected":false},"author":2,"featured_media":0,"parent":18,"menu_order":0,"comment_status":"closed","ping_status":"closed","template":"","meta":{"footnotes":""},"class_list":["post-32","page","type-page","status-publish","hentry"],"aioseo_notices":[],"_links":{"self":[{"href":"https:\/\/evopyme.com\/pymes\/wp-json\/wp\/v2\/pages\/32","targetHints":{"allow":["GET"]}}],"collection":[{"href":"https:\/\/evopyme.com\/pymes\/wp-json\/wp\/v2\/pages"}],"about":[{"href":"https:\/\/evopyme.com\/pymes\/wp-json\/wp\/v2\/types\/page"}],"author":[{"embeddable":true,"href":"https:\/\/evopyme.com\/pymes\/wp-json\/wp\/v2\/users\/2"}],"replies":[{"embeddable":true,"href":"https:\/\/evopyme.com\/pymes\/wp-json\/wp\/v2\/comments?post=32"}],"version-history":[{"count":1,"href":"https:\/\/evopyme.com\/pymes\/wp-json\/wp\/v2\/pages\/32\/revisions"}],"predecessor-version":[{"id":116,"href":"https:\/\/evopyme.com\/pymes\/wp-json\/wp\/v2\/pages\/32\/revisions\/116"}],"up":[{"embeddable":true,"href":"https:\/\/evopyme.com\/pymes\/wp-json\/wp\/v2\/pages\/18"}],"wp:attachment":[{"href":"https:\/\/evopyme.com\/pymes\/wp-json\/wp\/v2\/media?parent=32"}],"curies":[{"name":"wp","href":"https:\/\/api.w.org\/{rel}","templated":true}]}}