{"id":30,"date":"2014-12-13T00:13:48","date_gmt":"2014-12-13T00:13:48","guid":{"rendered":"http:\/\/evopyme.com\/pymes\/?page_id=30"},"modified":"2020-03-18T09:46:22","modified_gmt":"2020-03-18T15:46:22","slug":"evopbx","status":"publish","type":"page","link":"https:\/\/evopyme.com\/pymes\/herramientas\/evopbx\/","title":{"rendered":"EvoPBX"},"content":{"rendered":"<p><img loading=\"lazy\" decoding=\"async\" width=\"800\" height=\"334\" class=\"alignnone size-full wp-image-99\" src=\"http:\/\/evopyme.com\/pymes\/wp-content\/uploads\/2015\/01\/evopbx.png\" alt=\"EvoPBX. PBX en la nube\" srcset=\"https:\/\/evopyme.com\/pymes\/wp-content\/uploads\/2015\/01\/evopbx.png 800w, https:\/\/evopyme.com\/pymes\/wp-content\/uploads\/2015\/01\/evopbx-300x125.png 300w\" sizes=\"auto, (max-width: 800px) 100vw, 800px\" \/><\/p>\n<p>EvoPBX es un PBX Virtual, que le permite proyectar una imagen de empresa grande a un presupuesto muy bajo. Es parte de nuestras\u00a0herramientas pyme para servir a las micro y peque\u00f1as empresas de El Salvador.<\/p>\n<p>Con EvoPBX usted obtiene:<\/p>\n<div class=\"su-list\" style=\"margin-left:0px\">\n<ul>\n<li><i class=\"sui sui-check\" style=\"color:#FFCE00\"><\/i> Un n\u00famero virtual de El Salvador para gestionar las llamadas entrantes. \u00a0Este es un n\u00famero fijo, que para sus clientes tiene el mismo costo que llamar a cualquier operador nacional.<\/li>\n<li><i class=\"sui sui-check\" style=\"color:#FFCE00\"><\/i> Atenci\u00f3n autom\u00e1tica de llamadas, por medio de mensajes pre-grabados para dirigir a los clientes a diferentes departamentos de la empresa, dependiendo de la extensi\u00f3n.<\/li>\n<li><i class=\"sui sui-check\" style=\"color:#FFCE00\"><\/i> Conferencia entre tres llamadas.<\/li>\n<li><i class=\"sui sui-check\" style=\"color:#FFCE00\"><\/i> Timbrado simult\u00e1neo. \u00a0Se puede programar que una llamada entrante haga sonar varios tel\u00e9fonos a la vez. \u00a0La llamada puede ser tomada por cualquier operador.<\/li>\n<li><i class=\"sui sui-check\" style=\"color:#FFCE00\"><\/i> Identificador de llamadas.<\/li>\n<\/ul>\n<\/div>\n<p>Si desea m\u00e1s informaci\u00f3n, solicite nuestro panfleto.<\/p>\n","protected":false},"excerpt":{"rendered":"<p>EvoPBX es un PBX Virtual, que le permite proyectar una imagen de empresa grande a un presupuesto muy bajo. Es parte de nuestras\u00a0herramientas pyme para servir a las micro y peque\u00f1as empresas de El Salvador. Con EvoPBX usted obtiene: Si desea m\u00e1s informaci\u00f3n, solicite nuestro panfleto.<\/p>\n","protected":false},"author":2,"featured_media":0,"parent":18,"menu_order":0,"comment_status":"closed","ping_status":"closed","template":"","meta":{"footnotes":""},"class_list":["post-30","page","type-page","status-publish","hentry"],"aioseo_notices":[],"_links":{"self":[{"href":"https:\/\/evopyme.com\/pymes\/wp-json\/wp\/v2\/pages\/30","targetHints":{"allow":["GET"]}}],"collection":[{"href":"https:\/\/evopyme.com\/pymes\/wp-json\/wp\/v2\/pages"}],"about":[{"href":"https:\/\/evopyme.com\/pymes\/wp-json\/wp\/v2\/types\/page"}],"author":[{"embeddable":true,"href":"https:\/\/evopyme.com\/pymes\/wp-json\/wp\/v2\/users\/2"}],"replies":[{"embeddable":true,"href":"https:\/\/evopyme.com\/pymes\/wp-json\/wp\/v2\/comments?post=30"}],"version-history":[{"count":1,"href":"https:\/\/evopyme.com\/pymes\/wp-json\/wp\/v2\/pages\/30\/revisions"}],"predecessor-version":[{"id":362,"href":"https:\/\/evopyme.com\/pymes\/wp-json\/wp\/v2\/pages\/30\/revisions\/362"}],"up":[{"embeddable":true,"href":"https:\/\/evopyme.com\/pymes\/wp-json\/wp\/v2\/pages\/18"}],"wp:attachment":[{"href":"https:\/\/evopyme.com\/pymes\/wp-json\/wp\/v2\/media?parent=30"}],"curies":[{"name":"wp","href":"https:\/\/api.w.org\/{rel}","templated":true}]}}