{"id":289,"date":"2015-03-30T16:00:35","date_gmt":"2015-03-30T22:00:35","guid":{"rendered":"http:\/\/evopyme.com\/pymes\/?page_id=289"},"modified":"2021-02-22T10:06:17","modified_gmt":"2021-02-22T16:06:17","slug":"ayuda-a-pymes","status":"publish","type":"page","link":"https:\/\/evopyme.com\/pymes\/ayuda-a-pymes\/","title":{"rendered":"Ayuda a Pymes"},"content":{"rendered":"<h1><img loading=\"lazy\" decoding=\"async\" width=\"800\" height=\"334\" class=\"aligncenter size-full wp-image-305\" src=\"http:\/\/evopyme.com\/pymes\/wp-content\/uploads\/2015\/03\/ayuda-a-pymes.jpg\" alt=\"Ayuda a Pymes en El Salvador\" srcset=\"https:\/\/evopyme.com\/pymes\/wp-content\/uploads\/2015\/03\/ayuda-a-pymes.jpg 800w, https:\/\/evopyme.com\/pymes\/wp-content\/uploads\/2015\/03\/ayuda-a-pymes-300x125.jpg 300w\" sizes=\"auto, (max-width: 800px) 100vw, 800px\" \/><\/h1>\n<h1>Ayuda a Pymes en El Salvador<\/h1>\n<p>Las Pymes en El Salvador tienen muchas instituciones, ya sean gubernamentales o no gubernamentales,\u00a0donde acudir para solicitar ayuda:<\/p>\n<h2>CONAMYPE<\/h2>\n<p>El Consejo Nacional de la Micro y Peque\u00f1a empresa (<a href=\"http:\/\/conamype.gob.sv\/\" target=\"_blank\" rel=\"noopener noreferrer\">CONAMYPE<\/a>), da apoyo a las micro y peque\u00f1as empresas de El Salvador. \u00a0Por medio de los <a href=\"http:\/\/conamype.gob.sv\/index.php\/servicios\/guia-de-servicios\/servicios-cdmype\" target=\"_blank\" rel=\"noopener noreferrer\">CDMYPES<\/a>, presenta servicios\u00a0de asesor\u00eda, capacitaci\u00f3n y asistencia t\u00e9cnica.<\/p>\n<p>Tambi\u00e9n ofrecen servicios al sector artesanal, por medio de <a href=\"http:\/\/conamype.gob.sv\/index.php\/servicios\/guia-de-servicios\/servicios-cedart\" target=\"_blank\" rel=\"noopener noreferrer\">CEDART<\/a>.<\/p>\n<p>Puede obtener informaci\u00f3n a trav\u00e9s de sus <a href=\"http:\/\/conamype.gob.sv\/index.php\/servicios\/guia-de-servicios\/servicios-conamype\" target=\"_blank\" rel=\"noopener noreferrer\">oficinas regionales<\/a>.<\/p>\n<h2>CENTROMYPE<\/h2>\n<p>La Fundaci\u00f3n promotora de la Competitividad de la micro y peque\u00f1a empresa (<a href=\"http:\/\/centromype.org.sv\/\" target=\"_blank\" rel=\"noopener noreferrer\">CENTROMYPE<\/a>), ofrece servicios de capacitaci\u00f3n, asistencia t\u00e9cnica y promoci\u00f3n de productos y servicios. \u00a0Atiende tambi\u00e9n a la mediana empresa.<\/p>\n<h2>INSAFORP<\/h2>\n<p>El Instituto Salvadore\u00f1o de Formaci\u00f3n Profesional proporciona cursos de capacitaci\u00f3n a los empleados de las empresas cotizantes. \u00a0Si su empresa tiene m\u00e1s de 10 empleados, est\u00e1 obligada a cotizar el 1% al <a href=\"http:\/\/www.insaforp.org.sv\/\" target=\"_blank\" rel=\"noopener noreferrer\">Insaforp<\/a>, por lo tanto, su empresa puede beneficiarse de los cursos que el instituto ofrece.<\/p>\n<h2>PROGRAMA SABIOS Y EXPERTOS<\/h2>\n<p>Programa auspiciado por AFP conf\u00eda, que cuenta con expertos retirados, nacionales y extranjeros, basado en el modelo de la organizaci\u00f3n holandesa <a href=\"https:\/\/pum.nl\/\">PUM<\/a><\/p>\n<p>Pueden obtener informaci\u00f3n en la p\u00e1gina web de sabios y expertos (<a href=\"https:\/\/sabiosyexpertos.org\/\">https:\/\/sabiosyexpertos.org<\/a>.<\/p>\n<div class=\"su-divider su-divider-style-default\" style=\"margin:15px 0;border-width:3px;border-color:#999999\"><\/div>\n<p>Adem\u00e1s de las ayudas que las instituciones arriba mencionadas pueden proporcionar, las Pymes de El Salvador, tambi\u00e9n pueden necesitar servicios de empresas como: Contabilidad, Dise\u00f1o Gr\u00e1fico, Tecnolog\u00edas de la Informaci\u00f3n y Comunicaciones (TIC).<\/p>\n<h2>Consultor\u00eda empresarial<\/h2>\n<p><strong>Finance and Accounting<\/strong><\/p>\n[glyphicon type=\u00bbhome\u00bb]\u00a0 <a href=\"https:\/\/financeaccountingsv.com\/\" target=\"_blank\" rel=\"noopener\">www.financeaccountingsv.com<\/a><\/p>\n[glyphicon type=\u00bbenvelope\u00bb] <a href=\"mailto:jorge.villeda@financceaccountingsv.com\">jorge.villeda@financceaccountingsv.com<\/a><\/p>\n[glyphicon type=\u00bbearphone\u00bb]\u00a0\u00a0<strong>(503) 2113-0453<\/strong><\/p>\n<h2>Contabilidad<\/h2>\n<p><strong>Alas Linares &amp; Asociados<\/strong><\/p>\n[glyphicon type=\u00bbhome\u00bb] \u00a0<a href=\"http:\/\/www.alaslinares.com.sv\" target=\"_blank\" rel=\"noopener noreferrer\">www.alaslinares.com.sv<\/a><\/p>\n[glyphicon type=\u00bbenvelope\u00bb] <a href=\"mailto:mariacom@alaslinares.com.sv\">mariacom@alaslinares.com.sv<\/a><\/p>\n[glyphicon type=\u00bbearphone\u00bb]\u00a0\u00a0<strong>(503) 2222-1907<\/strong><\/p>\n<p><strong>Ram\u00edrez y Asociados S.A. de C.V.,<\/strong><\/p>\n[glyphicon type=\u00bbhome\u00bb] \u00a0<a href=\"https:\/\/ramirezyasociados.com.sv\/\" target=\"_blank\" rel=\"noopener noreferrer\">www.ramirezyasociados.com.sv<\/a><\/p>\n[glyphicon type=\u00bbenvelope\u00bb] \u00a0<a href=\"mailto:gerencia@castrovilleda.com.sv\" target=\"_blank\" rel=\"noopener noreferrer\">gerencia@castrovilleda.com.sv<\/a><\/p>\n[glyphicon type=\u00bbearphone\u00bb]\u00a0\u00a0<strong>(503) 2228-2700<\/strong><\/p>\n<h2>Dise\u00f1o gr\u00e1fico<\/h2>\n<p><strong>UKN Producciones<\/strong><\/p>\n[glyphicon type=\u00bbenvelope\u00bb] \u00a0<a href=\"mailto:uknproducciones@gmail.com\" target=\"_blank\" rel=\"noopener noreferrer\">uknproducciones@gmail.com<\/a><\/p>\n[glyphicon type=\u00bbearphone\u00bb]\u00a0\u00a0<strong>(503) 2243-4092<\/strong><\/p>\n<h2>Tecnolog\u00edas de la Informaci\u00f3n y Comunicaciones (TIC)<\/h2>\n<p><strong>Sitiosweb El Salvador<\/strong><\/p>\n<p>Con m\u00e1s de 14 a\u00f1os de experiencia, Sitiosweb El Salvador se ha especializado en el alojamiento y dise\u00f1o de sitios en Internet, adem\u00e1s de la creaci\u00f3n de software y aplicaciones en Internet, basados en PHP y base de datos MySQL.<\/p>\n<p>Provee\u00a0servicios a empresa e instituciones de prestigio en El Salvador como: Embajada de Brasil, Embajada de Uruguay, Fundaci\u00f3n Telet\u00f3n (Funter), Agua Alpina, Muebles Molina, entre otras.<\/p>\n[glyphicon type=\u00bbhome\u00bb] \u00a0<a href=\"http:\/\/www.sitiosweb.com.sv\" target=\"_blank\" rel=\"noopener noreferrer\">www.sitiosweb.com.sv<\/a><\/p>\n[glyphicon type=\u00bbenvelope\u00bb] \u00a0<a href=\"mailto:info@sitiosweb.com.sv\">info@sitiosweb.com.sv<\/a><\/p>\n[glyphicon type=\u00bbearphone\u00bb]\u00a0\u00a0<strong>(503) 2113-0394<\/strong><\/p>\n","protected":false},"excerpt":{"rendered":"<p>Ayuda a Pymes en El Salvador Las Pymes en El Salvador tienen muchas instituciones, ya sean gubernamentales o no gubernamentales,\u00a0donde acudir para solicitar ayuda: CONAMYPE El Consejo Nacional de la Micro y Peque\u00f1a empresa (CONAMYPE), da apoyo a las micro y peque\u00f1as empresas de El Salvador. \u00a0Por medio de los CDMYPES, presenta servicios\u00a0de asesor\u00eda, capacitaci\u00f3n [&hellip;]<\/p>\n","protected":false},"author":2,"featured_media":0,"parent":0,"menu_order":3,"comment_status":"closed","ping_status":"closed","template":"","meta":{"footnotes":""},"class_list":["post-289","page","type-page","status-publish","hentry"],"aioseo_notices":[],"_links":{"self":[{"href":"https:\/\/evopyme.com\/pymes\/wp-json\/wp\/v2\/pages\/289","targetHints":{"allow":["GET"]}}],"collection":[{"href":"https:\/\/evopyme.com\/pymes\/wp-json\/wp\/v2\/pages"}],"about":[{"href":"https:\/\/evopyme.com\/pymes\/wp-json\/wp\/v2\/types\/page"}],"author":[{"embeddable":true,"href":"https:\/\/evopyme.com\/pymes\/wp-json\/wp\/v2\/users\/2"}],"replies":[{"embeddable":true,"href":"https:\/\/evopyme.com\/pymes\/wp-json\/wp\/v2\/comments?post=289"}],"version-history":[{"count":1,"href":"https:\/\/evopyme.com\/pymes\/wp-json\/wp\/v2\/pages\/289\/revisions"}],"predecessor-version":[{"id":371,"href":"https:\/\/evopyme.com\/pymes\/wp-json\/wp\/v2\/pages\/289\/revisions\/371"}],"wp:attachment":[{"href":"https:\/\/evopyme.com\/pymes\/wp-json\/wp\/v2\/media?parent=289"}],"curies":[{"name":"wp","href":"https:\/\/api.w.org\/{rel}","templated":true}]}}