{"id":28,"date":"2014-12-13T00:13:12","date_gmt":"2014-12-13T00:13:12","guid":{"rendered":"http:\/\/evopyme.com\/pymes\/?page_id=28"},"modified":"2015-03-26T12:27:42","modified_gmt":"2015-03-26T18:27:42","slug":"evores","status":"publish","type":"page","link":"https:\/\/evopyme.com\/pymes\/herramientas\/evores\/","title":{"rendered":"EvoRest"},"content":{"rendered":"<p><img loading=\"lazy\" decoding=\"async\" width=\"800\" height=\"334\" class=\"alignnone size-full wp-image-103\" src=\"http:\/\/evopyme.com\/pymes\/wp-content\/uploads\/2015\/01\/evorest.png\" alt=\"EvoRest - Gestione su restaurante\" srcset=\"https:\/\/evopyme.com\/pymes\/wp-content\/uploads\/2015\/01\/evorest.png 800w, https:\/\/evopyme.com\/pymes\/wp-content\/uploads\/2015\/01\/evorest-300x125.png 300w\" sizes=\"auto, (max-width: 800px) 100vw, 800px\" \/><\/p>\n<p>EvoRest es un servicio de \u00f3rdenes para restaurantes en la nube, que lo distingue de la competencia, le ofrece el control total de su producci\u00f3n, mercadeo viral e inteligencia empresarial, todo desde la misma aplicaci\u00f3n<\/p>\n<p>Si desea saber m\u00e1s sobre nuestra aplicaci\u00f3n, solicite el panfleto.<\/p>\n<p>Si desea probar la aplicaci\u00f3n, solicite nuestro demo en l\u00ednea.<\/p>\n<p>Vea la facilidad que es utilizar EvoRest en los siguientes videos:<\/p>\n<div class=\"su-tabs su-tabs-style-default su-tabs-mobile-stack\" data-active=\"1\" data-scroll-offset=\"0\" data-anchor-in-url=\"no\"><div class=\"su-tabs-nav\"><span class=\"\" data-url=\"\" data-target=\"blank\" tabindex=\"0\" role=\"button\">Creando Ordenes<\/span><span class=\"\" data-url=\"\" data-target=\"blank\" tabindex=\"0\" role=\"button\">Ordenes creadas por clientes<\/span><span class=\"\" data-url=\"\" data-target=\"blank\" tabindex=\"0\" role=\"button\">Inteligenica empresarial<\/span><span class=\"\" data-url=\"\" data-target=\"blank\" tabindex=\"0\" role=\"button\">Mercadeo en l\u00ednea<\/span><\/div><div class=\"su-tabs-panes\"><div class=\"su-tabs-pane su-u-clearfix su-u-trim\" data-title=\"Creando Ordenes\"><div class=\"su-youtube su-u-responsive-media-yes\"><iframe loading=\"lazy\" width=\"600\" height=\"400\" src=\"https:\/\/www.youtube.com\/embed\/KSMMHCGioOc?\" frameborder=\"0\" allowfullscreen allow=\"autoplay; encrypted-media; picture-in-picture\" title=\"\"><\/iframe><\/div>\n<p>Este tutorial muestra el proceso de creaci\u00f3n de \u00f3rdenes por un administrador. \u00a0Un administrador tiene control total sobre todas las \u00f3rdenes creadas.<\/p>\n<p>Caracter\u00edsticas:<\/p>\n<div class=\"su-list\" style=\"margin-left:0px\">\n<ul>\n<li><i class=\"sui sui-check\" style=\"color:#3A12E7\"><\/i> Poder ver y editar todas las \u00f3rdenes creadas, tanto por meseros, clientes u otro administrador.<\/li>\n<li><i class=\"sui sui-check\" style=\"color:#3A12E7\"><\/i> Solamente un administrador puede cambiar el estado de una orden.<\/li>\n<li><i class=\"sui sui-check\" style=\"color:#3A12E7\"><\/i> Solamente un administrador podr\u00eda borrar una orden.<\/li>\n<\/ul>\n<\/div><\/div>\n<div class=\"su-tabs-pane su-u-clearfix su-u-trim\" data-title=\"Ordenes creadas por clientes\"><div class=\"su-youtube su-u-responsive-media-yes\"><iframe loading=\"lazy\" width=\"600\" height=\"400\" src=\"https:\/\/www.youtube.com\/embed\/okXXXszDVoo?\" frameborder=\"0\" allowfullscreen allow=\"autoplay; encrypted-media; picture-in-picture\" title=\"\"><\/iframe><\/div>\n<p>Los clientes pueden crear \u00f3rdenes tambi\u00e9n, aunque sus privilegios est\u00e1n restringidos. Los privilegios para crear una orden por un cliente son los mismos que para los meseros.<\/p>\n<p>Caracter\u00edsticas:<\/p>\n<div class=\"su-list\" style=\"margin-left:0px\">\n<ul>\n<li><i class=\"sui sui-check\" style=\"color:#3A12E7\"><\/i> Un cliente solamente puede ver las \u00f3rdenes que \u00e9l mismo cre\u00f3.<\/li>\n<li><i class=\"sui sui-check\" style=\"color:#3A12E7\"><\/i> Una orden creada por un cliente no puede ser editada, si necesita una correcci\u00f3n debe solicitarla para que un administrador la haga por \u00e9l.<\/li>\n<li><i class=\"sui sui-check\" style=\"color:#3A12E7\"><\/i> Un cliente s\u00ed puede agregar m\u00e1s productos a la orden.<\/li>\n<li><i class=\"sui sui-check\" style=\"color:#3A12E7\"><\/i> Un cliente no tiene acceso a ning\u00fan par\u00e1metro de administraci\u00f3n.<\/li>\n<\/ul>\n<\/div><\/div>\n<div class=\"su-tabs-pane su-u-clearfix su-u-trim\" data-title=\"Inteligenica empresarial\"><div class=\"su-youtube su-u-responsive-media-yes\"><iframe loading=\"lazy\" width=\"600\" height=\"400\" src=\"https:\/\/www.youtube.com\/embed\/1LpRZ0EfZP8?\" frameborder=\"0\" allowfullscreen allow=\"autoplay; encrypted-media; picture-in-picture\" title=\"\"><\/iframe><\/div>\n<p>Como administrador, usted puede obtener informaci\u00f3n de sus clientes por medio de las \u00f3rdenes creadas, por ejemplo:<\/p>\n<div class=\"su-list\" style=\"margin-left:0px\">\n<ul>\n<li><i class=\"sui sui-check\" style=\"color:#3A12E7\"><\/i> \u00bfQu\u00e9 producto se vendi\u00f3 m\u00e1s?<\/li>\n<li><i class=\"sui sui-check\" style=\"color:#3A12E7\"><\/i> \u00bfQu\u00e9 cliente consume m\u00e1s?<\/li>\n<li><i class=\"sui sui-check\" style=\"color:#3A12E7\"><\/i> \u00bfQu\u00e9 producto prefieren sus clientes? (especialmente si es un cliente importante.<\/li>\n<li><i class=\"sui sui-check\" style=\"color:#3A12E7\"><\/i> Si ha sacado un platillo nuevo, podr\u00eda ver su comportamiento en un lapso de tiempo.<\/div><\/li>\n<\/ul>\n<p>Toda esta informaci\u00f3n es \u00fatil, no solamente para planificar su estrategia de mercadeo, sino tambi\u00e9n para programar su compras o prepararse para una temporada.<\/p>\n<p>\u00a1La informaci\u00f3n que necesite, para el manejo y proyecci\u00f3n de su restaurante, usted la puede obtener con Evorest!<\/div>\n<div class=\"su-tabs-pane su-u-clearfix su-u-trim\" data-title=\"Mercadeo en l\u00ednea\">\u00a1Muy pronto!<\/div><\/div><\/div>\n<p>&nbsp;<\/p>\n","protected":false},"excerpt":{"rendered":"<p>EvoRest es un servicio de \u00f3rdenes para restaurantes en la nube, que lo distingue de la competencia, le ofrece el control total de su producci\u00f3n, mercadeo viral e inteligencia empresarial, todo desde la misma aplicaci\u00f3n Si desea saber m\u00e1s sobre nuestra aplicaci\u00f3n, solicite el panfleto. Si desea probar la aplicaci\u00f3n, solicite nuestro demo en l\u00ednea. [&hellip;]<\/p>\n","protected":false},"author":2,"featured_media":0,"parent":18,"menu_order":0,"comment_status":"closed","ping_status":"closed","template":"","meta":{"footnotes":""},"class_list":["post-28","page","type-page","status-publish","hentry"],"aioseo_notices":[],"_links":{"self":[{"href":"https:\/\/evopyme.com\/pymes\/wp-json\/wp\/v2\/pages\/28","targetHints":{"allow":["GET"]}}],"collection":[{"href":"https:\/\/evopyme.com\/pymes\/wp-json\/wp\/v2\/pages"}],"about":[{"href":"https:\/\/evopyme.com\/pymes\/wp-json\/wp\/v2\/types\/page"}],"author":[{"embeddable":true,"href":"https:\/\/evopyme.com\/pymes\/wp-json\/wp\/v2\/users\/2"}],"replies":[{"embeddable":true,"href":"https:\/\/evopyme.com\/pymes\/wp-json\/wp\/v2\/comments?post=28"}],"version-history":[{"count":2,"href":"https:\/\/evopyme.com\/pymes\/wp-json\/wp\/v2\/pages\/28\/revisions"}],"predecessor-version":[{"id":308,"href":"https:\/\/evopyme.com\/pymes\/wp-json\/wp\/v2\/pages\/28\/revisions\/308"}],"up":[{"embeddable":true,"href":"https:\/\/evopyme.com\/pymes\/wp-json\/wp\/v2\/pages\/18"}],"wp:attachment":[{"href":"https:\/\/evopyme.com\/pymes\/wp-json\/wp\/v2\/media?parent=28"}],"curies":[{"name":"wp","href":"https:\/\/api.w.org\/{rel}","templated":true}]}}