{"id":16,"date":"2014-11-27T22:22:35","date_gmt":"2014-11-27T22:22:35","guid":{"rendered":"http:\/\/evopyme.com\/pymes\/?page_id=16"},"modified":"2015-03-25T23:36:48","modified_gmt":"2015-03-26T05:36:48","slug":"tips-de-negocios","status":"publish","type":"page","link":"https:\/\/evopyme.com\/pymes\/tips-de-negocios\/","title":{"rendered":"Tips de negocios"},"content":{"rendered":"<h1>Las Pymes en El Salvador &#8211; Tips de negocios<\/h1>\n<p>Las Pymes en El Salvador o en cualquier parte del mundo, necesitan conocer elementos puntuales, \u00a0tanto para manejar, como para crear un negocio. \u00a0Adicionalmente, el conocimiento de las Tecnolog\u00edas de la Informaci\u00f3n y las comunicaciones, es de vital importancia en las micro, peque\u00f1as y medianas empresas.<\/p>\n<p>En esta secci\u00f3n, usted encontrar\u00e1, art\u00edculos relacionados con el manejo de la empresa y con el uso de las TIC, expuestos de una manera de f\u00e1cil comprensi\u00f3n para todos.<\/p>\n[slposts title_only=false suppress_filters=true number_posts=100 excerpt_length=24 auto_excerpt=true paginate=true posts_per_page=10 thumbnail=true thumbnail_wh=315&#215;250 display_type=block]\n","protected":false},"excerpt":{"rendered":"<p>Las Pymes en El Salvador &#8211; Tips de negocios Las Pymes en El Salvador o en cualquier parte del mundo, necesitan conocer elementos puntuales, \u00a0tanto para manejar, como para crear un negocio. \u00a0Adicionalmente, el conocimiento de las Tecnolog\u00edas de la Informaci\u00f3n y las comunicaciones, es de vital importancia en las micro, peque\u00f1as y medianas empresas. [&hellip;]<\/p>\n","protected":false},"author":2,"featured_media":0,"parent":0,"menu_order":1,"comment_status":"closed","ping_status":"closed","template":"","meta":{"footnotes":""},"class_list":["post-16","page","type-page","status-publish","hentry"],"aioseo_notices":[],"_links":{"self":[{"href":"https:\/\/evopyme.com\/pymes\/wp-json\/wp\/v2\/pages\/16","targetHints":{"allow":["GET"]}}],"collection":[{"href":"https:\/\/evopyme.com\/pymes\/wp-json\/wp\/v2\/pages"}],"about":[{"href":"https:\/\/evopyme.com\/pymes\/wp-json\/wp\/v2\/types\/page"}],"author":[{"embeddable":true,"href":"https:\/\/evopyme.com\/pymes\/wp-json\/wp\/v2\/users\/2"}],"replies":[{"embeddable":true,"href":"https:\/\/evopyme.com\/pymes\/wp-json\/wp\/v2\/comments?post=16"}],"version-history":[{"count":1,"href":"https:\/\/evopyme.com\/pymes\/wp-json\/wp\/v2\/pages\/16\/revisions"}],"predecessor-version":[{"id":307,"href":"https:\/\/evopyme.com\/pymes\/wp-json\/wp\/v2\/pages\/16\/revisions\/307"}],"wp:attachment":[{"href":"https:\/\/evopyme.com\/pymes\/wp-json\/wp\/v2\/media?parent=16"}],"curies":[{"name":"wp","href":"https:\/\/api.w.org\/{rel}","templated":true}]}}